{"id":29,"date":"2023-08-17T10:26:13","date_gmt":"2023-08-17T09:26:13","guid":{"rendered":"https:\/\/bbdog.area4you.de\/?page_id=29"},"modified":"2026-03-31T22:30:24","modified_gmt":"2026-03-31T21:30:24","slug":"impressum","status":"publish","type":"page","link":"https:\/\/www.dog-city-bb.de\/?page_id=29","title":{"rendered":"Impressum"},"content":{"rendered":"<section class=\"dogcity-impressum\">\n<div class=\"dogcity-impressum__inner\">\n<div class=\"dogcity-section-head\">\n      <span class=\"dogcity-section-head__line\"><\/span><\/p>\n<h2>Impressum<\/h2>\n<\/p><\/div>\n<div class=\"dogcity-impressum__card\">\n<h3>Angaben gem\u00e4\u00df \u00a7 5 DDG<\/h3>\n<p>\n        <strong>Dog-City-Berlin-Brandenburg e.V.<\/strong><br \/>\n        Waldrandstrasse<br \/>\n        14624 Dallgow-D\u00f6beritz\n      <\/p>\n<p>\n        <strong>Vertreten durch den Vorstand<\/strong><br \/>\n        1. Vorsitzender: Roland Steiger<br \/>\n        2. Vorsitzende: Michaela Pr\u00fc\u00dfe\n      <\/p>\n<p>\n        <strong>Kontakt<\/strong><br \/>\n        E-Mail: <a href=\"mailto:info@dog-city-bb.de\">info@dog-city-bb.de<\/a><br \/>\n        Website: <a href=\"https:\/\/www.dog-city-bb.de\/\">www.dog-city-bb.de<\/a>\n      <\/p>\n<p>\n        <strong>Vereinsregister<\/strong><br \/>\n        Registergericht: Amtsgericht Potsdam<br \/>\n        Registernummer: VR 7192\n      <\/p>\n<p>\n        <strong>Inhaltlich verantwortlich<\/strong><br \/>\n        Roland Steiger<br \/>\n        Gutenbergstrasse 36<br \/>\n        14612 Falkensee\n      <\/p>\n<\/p><\/div>\n<\/p><\/div>\n<\/section>\n","protected":false},"excerpt":{"rendered":"<p>Impressum Angaben gem\u00e4\u00df \u00a7 5 DDG Dog-City-Berlin-Brandenburg e.V. Waldrandstrasse 14624 Dallgow-D\u00f6beritz Vertreten durch den Vorstand 1. Vorsitzender: Roland Steiger 2. Vorsitzende: Michaela Pr\u00fc\u00dfe Kontakt E-Mail: info@dog-city-bb.de Website: www.dog-city-bb.de Vereinsregister Registergericht: Amtsgericht Potsdam Registernummer: VR 7192 Inhaltlich verantwortlich Roland Steiger Gutenbergstrasse 36 14612 Falkensee<\/p>\n","protected":false},"author":1,"featured_media":0,"parent":0,"menu_order":7,"comment_status":"closed","ping_status":"closed","template":"template-fullwidth.php","meta":{"footnotes":""},"class_list":["post-29","page","type-page","status-publish","hentry"],"_links":{"self":[{"href":"https:\/\/www.dog-city-bb.de\/index.php?rest_route=\/wp\/v2\/pages\/29","targetHints":{"allow":["GET"]}}],"collection":[{"href":"https:\/\/www.dog-city-bb.de\/index.php?rest_route=\/wp\/v2\/pages"}],"about":[{"href":"https:\/\/www.dog-city-bb.de\/index.php?rest_route=\/wp\/v2\/types\/page"}],"author":[{"embeddable":true,"href":"https:\/\/www.dog-city-bb.de\/index.php?rest_route=\/wp\/v2\/users\/1"}],"replies":[{"embeddable":true,"href":"https:\/\/www.dog-city-bb.de\/index.php?rest_route=%2Fwp%2Fv2%2Fcomments&post=29"}],"version-history":[{"count":9,"href":"https:\/\/www.dog-city-bb.de\/index.php?rest_route=\/wp\/v2\/pages\/29\/revisions"}],"predecessor-version":[{"id":636,"href":"https:\/\/www.dog-city-bb.de\/index.php?rest_route=\/wp\/v2\/pages\/29\/revisions\/636"}],"wp:attachment":[{"href":"https:\/\/www.dog-city-bb.de\/index.php?rest_route=%2Fwp%2Fv2%2Fmedia&parent=29"}],"curies":[{"name":"wp","href":"https:\/\/api.w.org\/{rel}","templated":true}]}}