{"id":298,"date":"2024-11-22T08:29:33","date_gmt":"2024-11-22T07:29:33","guid":{"rendered":"https:\/\/dog-city-bb.de\/wordpress\/?page_id=298"},"modified":"2026-03-31T20:53:38","modified_gmt":"2026-03-31T19:53:38","slug":"ausbildung","status":"publish","type":"page","link":"https:\/\/www.dog-city-bb.de\/?page_id=298","title":{"rendered":"Ausbildung"},"content":{"rendered":"<section class=\"dogcity-training\">\n<div class=\"dogcity-training__inner\">\n<div class=\"dogcity-training__text\">\n<div class=\"dogcity-section-head\">\n        <span class=\"dogcity-section-head__line\"><\/span><\/p>\n<h2>Unsere Ausbildung<\/h2>\n<\/p><\/div>\n<p>\n        Unsere Ausbildung zielt auf den Gebrauchshundesport. Dieser umfasst drei Bereiche des Hundesports: Unterordnung, F\u00e4hrte und Schutzdienst. Innerhalb dieser Bereiche gibt es verschiedene Schwierigkeitsstufen, die das Team Mensch und Hund gemeinsam durchlaufen kann.\n      <\/p>\n<p>\n        Die Basis f\u00fcr alle Bereiche bildet die Unterordnung. Hier geht es um den Gehorsam des Hundes. \u00dcbungen wie Sitz, Platz, Steh, Bringen und das Voraussenden geh\u00f6ren dazu. Bei allen \u00dcbungen steht selbstverst\u00e4ndlich der Spa\u00df an der gemeinsamen Arbeit im Vordergrund \u2013 nicht nur f\u00fcr den Menschen, sondern in erster Linie f\u00fcr den Hund.\n      <\/p>\n<p>\n        Parallel dazu arbeiten wir im nat\u00fcrlichen Trieb des Hundes im Schutzdienst. Hier stehen die Freude des Hundes, kontrolliertes Arbeiten und Gehorsam an erster Stelle. Das eine setzt das andere voraus. Im Schutzdienst geht es nicht darum, den Hund gegen einen Menschen zu hetzen, sondern ihn gezielt darauf zu trainieren, seine Beute wie Lappen, Bei\u00dfwurst oder Bei\u00dfarm kontrolliert zu erarbeiten.\n      <\/p>\n<p>\n        Das wichtigste Sinnesorgan des Hundes ist seine Nase. Mit rund 200 Millionen Geruchszellen riecht der Hund etwa 40-mal so stark wie der Mensch. Um dieses Sinnesorgan bestm\u00f6glich einzusetzen, gibt es die F\u00e4hrtenausbildung. Auch hier k\u00f6nnen verschiedene Schwierigkeitsstufen durchlaufen werden.\n      <\/p>\n<p>\n        Damit hat der Gebrauchshundesport einen besonders engen Bezug zu den nat\u00fcrlichen Anlagen und Trieben des Hundes.\n      <\/p>\n<\/p><\/div>\n<div class=\"dogcity-training__media\">\n<div class=\"dogcity-training__image\">\n        <img decoding=\"async\" src=\"https:\/\/www.dog-city-bb.de\/wp-content\/uploads\/2026\/03\/P-M.jpg\" alt=\"Hundesport und Ausbildung bei Dog City\">\n      <\/div>\n<\/p><\/div>\n<\/p><\/div>\n<\/section>\n","protected":false},"excerpt":{"rendered":"<p>Unsere Ausbildung Unsere Ausbildung zielt auf den Gebrauchshundesport. Dieser umfasst drei Bereiche des Hundesports: Unterordnung, F\u00e4hrte und Schutzdienst. Innerhalb dieser Bereiche gibt es verschiedene Schwierigkeitsstufen, die das Team Mensch und Hund gemeinsam durchlaufen kann. Die Basis f\u00fcr alle Bereiche bildet die Unterordnung. Hier geht es um den Gehorsam des Hundes. \u00dcbungen wie Sitz, Platz, Steh, [&hellip;]<\/p>\n","protected":false},"author":1,"featured_media":0,"parent":0,"menu_order":3,"comment_status":"closed","ping_status":"closed","template":"template-fullwidth.php","meta":{"footnotes":""},"class_list":["post-298","page","type-page","status-publish","hentry"],"_links":{"self":[{"href":"https:\/\/www.dog-city-bb.de\/index.php?rest_route=\/wp\/v2\/pages\/298","targetHints":{"allow":["GET"]}}],"collection":[{"href":"https:\/\/www.dog-city-bb.de\/index.php?rest_route=\/wp\/v2\/pages"}],"about":[{"href":"https:\/\/www.dog-city-bb.de\/index.php?rest_route=\/wp\/v2\/types\/page"}],"author":[{"embeddable":true,"href":"https:\/\/www.dog-city-bb.de\/index.php?rest_route=\/wp\/v2\/users\/1"}],"replies":[{"embeddable":true,"href":"https:\/\/www.dog-city-bb.de\/index.php?rest_route=%2Fwp%2Fv2%2Fcomments&post=298"}],"version-history":[{"count":5,"href":"https:\/\/www.dog-city-bb.de\/index.php?rest_route=\/wp\/v2\/pages\/298\/revisions"}],"predecessor-version":[{"id":587,"href":"https:\/\/www.dog-city-bb.de\/index.php?rest_route=\/wp\/v2\/pages\/298\/revisions\/587"}],"wp:attachment":[{"href":"https:\/\/www.dog-city-bb.de\/index.php?rest_route=%2Fwp%2Fv2%2Fmedia&parent=298"}],"curies":[{"name":"wp","href":"https:\/\/api.w.org\/{rel}","templated":true}]}}