{"id":301,"date":"2024-11-22T08:42:17","date_gmt":"2024-11-22T07:42:17","guid":{"rendered":"https:\/\/dog-city-bb.de\/wordpress\/?page_id=301"},"modified":"2026-04-01T15:54:12","modified_gmt":"2026-04-01T14:54:12","slug":"ausbilder","status":"publish","type":"page","link":"https:\/\/www.dog-city-bb.de\/?page_id=301","title":{"rendered":"Ausbilder"},"content":{"rendered":"<section class=\"dogcity-trainer\">\n<div class=\"dogcity-trainer__inner\">\n<div class=\"dogcity-trainer__header\">\n<h2>Unsere Ausbilder<\/h2>\n<p>Erfahrung, Engagement und Leidenschaft f\u00fcr Ausbildung, Hundesport und Teamarbeit.<\/p>\n<\/p><\/div>\n<div class=\"dogcity-trainer__grid\">\n<div class=\"dogcity-trainer-card\">\n<div class=\"dogcity-trainer-card__image\">\n          <img decoding=\"async\" src=\"https:\/\/www.dog-city-bb.de\/wp-content\/uploads\/2026\/03\/Roland.jpg\" alt=\"Roland\">\n        <\/div>\n<div class=\"dogcity-trainer-card__content\">\n<div class=\"dogcity-trainer-card__role\">Ausbilder<\/div>\n<h3 class=\"dogcity-trainer-card__name\">Roland<\/h3>\n<p class=\"dogcity-trainer-card__task\">Unterordnung, F\u00e4hrte mit SKN<\/p>\n<\/p><\/div>\n<\/p><\/div>\n<div class=\"dogcity-trainer-card\">\n<div class=\"dogcity-trainer-card__image\">\n          <img decoding=\"async\" src=\"https:\/\/www.dog-city-bb.de\/wp-content\/uploads\/2026\/03\/Tony.jpg\" alt=\"Tony\">\n        <\/div>\n<div class=\"dogcity-trainer-card__content\">\n<div class=\"dogcity-trainer-card__role\">Ausbilder und Schutzdiensthelfer<\/div>\n<h3 class=\"dogcity-trainer-card__name\">Tony<\/h3>\n<p class=\"dogcity-trainer-card__task\">Unterordnung, Schutzdienst, F\u00e4hrte mit SKN<\/p>\n<\/p><\/div>\n<\/p><\/div>\n<div class=\"dogcity-trainer-card\">\n<div class=\"dogcity-trainer-card__image\">\n          <img decoding=\"async\" src=\"https:\/\/www.dog-city-bb.de\/wp-content\/uploads\/2026\/03\/patty.jpg\" alt=\"Patrick\">\n        <\/div>\n<div class=\"dogcity-trainer-card__content\">\n<div class=\"dogcity-trainer-card__role\">Ausbilder und Schutzdiensthelfer<\/div>\n<h3 class=\"dogcity-trainer-card__name\">Patrick<\/h3>\n<p class=\"dogcity-trainer-card__task\">Unterordnung, Schutzdienst mit SKN<\/p>\n<\/p><\/div>\n<\/p><\/div>\n<div class=\"dogcity-trainer-card\">\n<div class=\"dogcity-trainer-card__image\">\n          <img decoding=\"async\" src=\"https:\/\/www.dog-city-bb.de\/wp-content\/uploads\/2026\/04\/Michaela.jpeg\" alt=\"Michaela\">\n        <\/div>\n<div class=\"dogcity-trainer-card__content\">\n<div class=\"dogcity-trainer-card__role\">Ausbilder Azubi<\/div>\n<h3 class=\"dogcity-trainer-card__name\">Michaela<\/h3>\n<p class=\"dogcity-trainer-card__task\">Unterordnung, Schutzdienst, F\u00e4hrte<\/p>\n<\/p><\/div>\n<\/p><\/div>\n<\/p><\/div>\n<\/p><\/div>\n<\/section>\n","protected":false},"excerpt":{"rendered":"<p>Unsere Ausbilder Erfahrung, Engagement und Leidenschaft f\u00fcr Ausbildung, Hundesport und Teamarbeit. Ausbilder Roland Unterordnung, F\u00e4hrte mit SKN Ausbilder und Schutzdiensthelfer Tony Unterordnung, Schutzdienst, F\u00e4hrte mit SKN Ausbilder und Schutzdiensthelfer Patrick Unterordnung, Schutzdienst mit SKN Ausbilder Azubi Michaela Unterordnung, Schutzdienst, F\u00e4hrte<\/p>\n","protected":false},"author":1,"featured_media":0,"parent":67,"menu_order":2,"comment_status":"closed","ping_status":"closed","template":"template-fullwidth.php","meta":{"footnotes":""},"class_list":["post-301","page","type-page","status-publish","hentry"],"_links":{"self":[{"href":"https:\/\/www.dog-city-bb.de\/index.php?rest_route=\/wp\/v2\/pages\/301","targetHints":{"allow":["GET"]}}],"collection":[{"href":"https:\/\/www.dog-city-bb.de\/index.php?rest_route=\/wp\/v2\/pages"}],"about":[{"href":"https:\/\/www.dog-city-bb.de\/index.php?rest_route=\/wp\/v2\/types\/page"}],"author":[{"embeddable":true,"href":"https:\/\/www.dog-city-bb.de\/index.php?rest_route=\/wp\/v2\/users\/1"}],"replies":[{"embeddable":true,"href":"https:\/\/www.dog-city-bb.de\/index.php?rest_route=%2Fwp%2Fv2%2Fcomments&post=301"}],"version-history":[{"count":11,"href":"https:\/\/www.dog-city-bb.de\/index.php?rest_route=\/wp\/v2\/pages\/301\/revisions"}],"predecessor-version":[{"id":665,"href":"https:\/\/www.dog-city-bb.de\/index.php?rest_route=\/wp\/v2\/pages\/301\/revisions\/665"}],"up":[{"embeddable":true,"href":"https:\/\/www.dog-city-bb.de\/index.php?rest_route=\/wp\/v2\/pages\/67"}],"wp:attachment":[{"href":"https:\/\/www.dog-city-bb.de\/index.php?rest_route=%2Fwp%2Fv2%2Fmedia&parent=301"}],"curies":[{"name":"wp","href":"https:\/\/api.w.org\/{rel}","templated":true}]}}