{"id":36,"date":"2023-08-17T10:50:29","date_gmt":"2023-08-17T09:50:29","guid":{"rendered":"https:\/\/bbdog.area4you.de\/?page_id=36"},"modified":"2026-03-31T22:09:12","modified_gmt":"2026-03-31T21:09:12","slug":"welpen-kurs","status":"publish","type":"page","link":"https:\/\/www.dog-city-bb.de\/?page_id=36","title":{"rendered":"Welpen Schule"},"content":{"rendered":"<section class=\"dogcity-welpen\">\n<div class=\"dogcity-welpen__inner\">\n<div class=\"dogcity-welpen__hero\">\n<div class=\"dogcity-welpen__text\">\n<div class=\"dogcity-section-head\">\n          <span class=\"dogcity-section-head__line\"><\/span><\/p>\n<h2>Welpen Schule<\/h2>\n<\/p><\/div>\n<div class=\"dogcity-welpen__time\">\n          Jeden Sonntag von 12:00 bis 13:00 Uhr\n        <\/div>\n<p>\n          In unserer Welpen Schule sammeln die kleinen Racker auf spielerische und behutsame Weise ihre ersten wichtigen Erfahrungen im Umgang mit Artgenossen, Menschen und neuen Umwelteindr\u00fccken. Dabei steht nicht nur das gemeinsame Erleben im Vordergrund, sondern auch der Aufbau einer vertrauensvollen und engen Bindung zwischen Hund und Mensch.\n        <\/p>\n<p>\n          Durch gezielte soziale Kontakte, erste kleine \u00dcbungen und ein sicheres Umfeld wird die Sozialisierung des Welpen gef\u00f6rdert und vertieft. So schaffen wir eine wichtige Grundlage f\u00fcr einen entspannten, alltagssicheren und gut gef\u00fchrten Begleiter.\n        <\/p>\n<p>\n          Eine Voranmeldung ist nicht notwendig \u2013 kommt einfach mit eurem neuen Gef\u00e4hrten vorbei und lernt uns in entspannter Atmosph\u00e4re kennen.\n        <\/p>\n<\/p><\/div>\n<div class=\"dogcity-welpen__hero-image\">\n        <img decoding=\"async\" src=\"https:\/\/www.dog-city-bb.de\/wp-content\/uploads\/2026\/03\/wa-ihr-dabei-haben-solltet.jpg\" alt=\"Welpen Schule bei Dog City\">\n      <\/div>\n<\/p><\/div>\n<div class=\"dogcity-welpen__facts\">\n<div class=\"dogcity-welpen__fact\">\n<h3>Spielerisches Lernen<\/h3>\n<p>\n          Die Welpen sammeln erste Erfahrungen in einer positiven und altersgerechten Umgebung, die Sicherheit, Freude und Vertrauen vermittelt.\n        <\/p>\n<\/p><\/div>\n<div class=\"dogcity-welpen__fact\">\n<h3>Sozialisierung<\/h3>\n<p>\n          Der kontrollierte Kontakt zu anderen Hunden, Menschen und neuen Reizen f\u00f6rdert ein sicheres und ausgeglichenes Verhalten im Alltag.\n        <\/p>\n<\/p><\/div>\n<div class=\"dogcity-welpen__fact\">\n<h3>Bindung<\/h3>\n<p>\n          Bereits in den ersten Lebensmonaten wird die Basis f\u00fcr eine enge Zusammenarbeit zwischen Mensch und Hund gelegt.\n        <\/p>\n<\/p><\/div>\n<\/p><\/div>\n<div class=\"dogcity-welpen__content\">\n<div class=\"dogcity-section-head\">\n        <span class=\"dogcity-section-head__line\"><\/span><\/p>\n<h2>Was ihr mitbringen solltet<\/h2>\n<\/p><\/div>\n<div class=\"dogcity-welpen__lists\">\n<div class=\"dogcity-welpen__list-card\">\n<h3>F\u00fcr jeden Besuch<\/h3>\n<ul>\n<li>Halsband und Leine <span>(keine Flexileine)<\/span><\/li>\n<li>Leckerlis zur positiven Best\u00e4tigung<\/li>\n<li>Bei schlechtem Wetter ein Handtuch<\/li>\n<li>Bei k\u00fchlen Temperaturen einen passenden K\u00e4lteschutz<\/li>\n<\/ul><\/div>\n<div class=\"dogcity-welpen__list-card\">\n<h3>Beim ersten Besuch zus\u00e4tzlich<\/h3>\n<ul>\n<li>EU-Heimtierausweis \/ Impfpass<\/li>\n<li>Nachweis \u00fcber eine Hunde-Haftpflichtversicherung<\/li>\n<\/ul><\/div>\n<\/p><\/div>\n<\/p><\/div>\n<div class=\"dogcity-welpen__gallery\">\n<div class=\"dogcity-welpen__gallery-item\">\n        <img decoding=\"async\" src=\"https:\/\/www.dog-city-bb.de\/wp-content\/uploads\/2023\/08\/welpen2.jpg\" alt=\"Welpen im Training\">\n      <\/div>\n<div class=\"dogcity-welpen__gallery-item\">\n        <img decoding=\"async\" src=\"https:\/\/www.dog-city-bb.de\/wp-content\/uploads\/2023\/08\/IMG_2562-396w.jpg\" alt=\"Welpen Schule auf dem Hundeplatz\">\n      <\/div>\n<div class=\"dogcity-welpen__gallery-item\">\n        <img decoding=\"async\" src=\"https:\/\/www.dog-city-bb.de\/wp-content\/uploads\/2023\/08\/welpen1.jpg\" alt=\"Welpen beim Spielen und Lernen\">\n      <\/div>\n<\/p><\/div>\n<\/p><\/div>\n<\/section>\n","protected":false},"excerpt":{"rendered":"<p>Welpen Schule Jeden Sonntag von 12:00 bis 13:00 Uhr In unserer Welpen Schule sammeln die kleinen Racker auf spielerische und behutsame Weise ihre ersten wichtigen Erfahrungen im Umgang mit Artgenossen, Menschen und neuen Umwelteindr\u00fccken. Dabei steht nicht nur das gemeinsame Erleben im Vordergrund, sondern auch der Aufbau einer vertrauensvollen und engen Bindung zwischen Hund und [&hellip;]<\/p>\n","protected":false},"author":1,"featured_media":0,"parent":0,"menu_order":4,"comment_status":"closed","ping_status":"closed","template":"template-fullwidth.php","meta":{"footnotes":""},"class_list":["post-36","page","type-page","status-publish","hentry"],"_links":{"self":[{"href":"https:\/\/www.dog-city-bb.de\/index.php?rest_route=\/wp\/v2\/pages\/36","targetHints":{"allow":["GET"]}}],"collection":[{"href":"https:\/\/www.dog-city-bb.de\/index.php?rest_route=\/wp\/v2\/pages"}],"about":[{"href":"https:\/\/www.dog-city-bb.de\/index.php?rest_route=\/wp\/v2\/types\/page"}],"author":[{"embeddable":true,"href":"https:\/\/www.dog-city-bb.de\/index.php?rest_route=\/wp\/v2\/users\/1"}],"replies":[{"embeddable":true,"href":"https:\/\/www.dog-city-bb.de\/index.php?rest_route=%2Fwp%2Fv2%2Fcomments&post=36"}],"version-history":[{"count":12,"href":"https:\/\/www.dog-city-bb.de\/index.php?rest_route=\/wp\/v2\/pages\/36\/revisions"}],"predecessor-version":[{"id":620,"href":"https:\/\/www.dog-city-bb.de\/index.php?rest_route=\/wp\/v2\/pages\/36\/revisions\/620"}],"wp:attachment":[{"href":"https:\/\/www.dog-city-bb.de\/index.php?rest_route=%2Fwp%2Fv2%2Fmedia&parent=36"}],"curies":[{"name":"wp","href":"https:\/\/api.w.org\/{rel}","templated":true}]}}