{"id":50,"date":"2023-08-17T11:18:19","date_gmt":"2023-08-17T10:18:19","guid":{"rendered":"https:\/\/bbdog.area4you.de\/?page_id=50"},"modified":"2026-03-31T22:23:08","modified_gmt":"2026-03-31T21:23:08","slug":"erziehungs-kurs","status":"publish","type":"page","link":"https:\/\/www.dog-city-bb.de\/?page_id=50","title":{"rendered":"Erziehungs Kurs"},"content":{"rendered":"<section class=\"dogcity-erziehung\">\n<div class=\"dogcity-erziehung__inner\">\n<div class=\"dogcity-erziehung__hero\">\n<div class=\"dogcity-erziehung__text\">\n<div class=\"dogcity-section-head\">\n          <span class=\"dogcity-section-head__line\"><\/span><\/p>\n<h2>Erziehungs Kurs<\/h2>\n<\/p><\/div>\n<div class=\"dogcity-erziehung__time\">\n          Jeden Sonntag von 14:00 bis 15:00 Uhr\n        <\/div>\n<p>\n          In unserem Erziehungs Kurs steht die harmonische Zusammenarbeit zwischen Mensch und Hund im Mittelpunkt. Ziel ist es, die Bindung weiter auszubauen, das gegenseitige Vertrauen zu st\u00e4rken und den Hund sicher und verl\u00e4sslich durch den Alltag zu f\u00fchren.\n        <\/p>\n<p>\n          Gemeinsam arbeiten wir an wichtigen Grundlagen f\u00fcr ein entspanntes Zusammenleben. Dazu geh\u00f6ren Orientierung am Menschen, zuverl\u00e4ssige Kommunikation, ruhiges Verhalten in unterschiedlichen Situationen und ein sicherer Gehorsam im t\u00e4glichen Miteinander.\n        <\/p>\n<p>\n          Der Kurs richtet sich an Mensch-Hund-Teams, die an ihrer Alltagskompetenz arbeiten und das bereits Erlernte weiter festigen m\u00f6chten. Mit klarer Struktur, fairer Anleitung und positiver Best\u00e4tigung schaffen wir eine gute Basis f\u00fcr ein vertrauensvolles und ausgeglichenes Team.\n        <\/p>\n<p>\n          Eine Voranmeldung ist nicht notwendig \u2013 kommt einfach vorbei und lernt uns und unser Training in entspannter Atmosph\u00e4re kennen.\n        <\/p>\n<\/p><\/div>\n<div class=\"dogcity-erziehung__hero-image\">\n        <img decoding=\"async\" src=\"https:\/\/www.dog-city-bb.de\/wp-content\/uploads\/2026\/03\/wa-ihr-dabei-haben-solltet-2.jpg\" alt=\"Erziehungs Kurs bei Dog City\">\n      <\/div>\n<\/p><\/div>\n<div class=\"dogcity-erziehung__facts\">\n<div class=\"dogcity-erziehung__fact\">\n<h3>Bindung st\u00e4rken<\/h3>\n<p>\n          Die vertrauensvolle Zusammenarbeit zwischen Mensch und Hund wird gezielt gef\u00f6rdert und im gemeinsamen Training weiter ausgebaut.\n        <\/p>\n<\/p><\/div>\n<div class=\"dogcity-erziehung__fact\">\n<h3>Alltag meistern<\/h3>\n<p>\n          Der Hund lernt, sich auch in unterschiedlichen Alltagssituationen ruhig, aufmerksam und sicher am Menschen zu orientieren.\n        <\/p>\n<\/p><\/div>\n<div class=\"dogcity-erziehung__fact\">\n<h3>Klare F\u00fchrung<\/h3>\n<p>\n          Durch verst\u00e4ndliche Anleitung, faire Grenzen und positive Best\u00e4tigung entsteht ein verl\u00e4ssliches und harmonisches Miteinander.\n        <\/p>\n<\/p><\/div>\n<\/p><\/div>\n<div class=\"dogcity-erziehung__content\">\n<div class=\"dogcity-section-head\">\n        <span class=\"dogcity-section-head__line\"><\/span><\/p>\n<h2>Was ihr mitbringen solltet<\/h2>\n<\/p><\/div>\n<div class=\"dogcity-erziehung__lists\">\n<div class=\"dogcity-erziehung__list-card\">\n<h3>F\u00fcr jeden Besuch<\/h3>\n<ul>\n<li>Halsband und Leine <span>(keine Flexileine)<\/span><\/li>\n<li>Leckerlis zur positiven Best\u00e4tigung<\/li>\n<li>Bei schlechtem Wetter ein Handtuch<\/li>\n<li>Bei k\u00fchlen Temperaturen einen passenden K\u00e4lteschutz<\/li>\n<li>evtl. einen Maulkorb<\/li>\n<\/ul><\/div>\n<div class=\"dogcity-erziehung__list-card\">\n<h3>Beim ersten Besuch zus\u00e4tzlich<\/h3>\n<ul>\n<li>EU-Heimtierausweis<\/li>\n<li>Nachweis \u00fcber eine Hunde-Haftpflichtversicherung<\/li>\n<\/ul><\/div>\n<\/p><\/div>\n<\/p><\/div>\n<div class=\"dogcity-erziehung__gallery\">\n<div class=\"dogcity-erziehung__gallery-item\">\n        <img decoding=\"async\" src=\"https:\/\/www.dog-city-bb.de\/wp-content\/uploads\/2023\/08\/IMG_2681-396w.jpg\" alt=\"Training im Erziehungs Kurs\">\n      <\/div>\n<div class=\"dogcity-erziehung__gallery-item\">\n        <img decoding=\"async\" src=\"https:\/\/www.dog-city-bb.de\/wp-content\/uploads\/2023\/08\/Erziehung1.jpg\" alt=\"Erziehungs Kurs auf dem Hundeplatz\">\n      <\/div>\n<div class=\"dogcity-erziehung__gallery-item\">\n        <img decoding=\"async\" src=\"https:\/\/www.dog-city-bb.de\/wp-content\/uploads\/2023\/08\/Erziehung2.jpg\" alt=\"Mensch und Hund im gemeinsamen Training\">\n      <\/div>\n<\/p><\/div>\n<\/p><\/div>\n<\/section>\n","protected":false},"excerpt":{"rendered":"<p>Erziehungs Kurs Jeden Sonntag von 14:00 bis 15:00 Uhr In unserem Erziehungs Kurs steht die harmonische Zusammenarbeit zwischen Mensch und Hund im Mittelpunkt. Ziel ist es, die Bindung weiter auszubauen, das gegenseitige Vertrauen zu st\u00e4rken und den Hund sicher und verl\u00e4sslich durch den Alltag zu f\u00fchren. Gemeinsam arbeiten wir an wichtigen Grundlagen f\u00fcr ein entspanntes [&hellip;]<\/p>\n","protected":false},"author":1,"featured_media":0,"parent":0,"menu_order":6,"comment_status":"closed","ping_status":"closed","template":"template-fullwidth.php","meta":{"footnotes":""},"class_list":["post-50","page","type-page","status-publish","hentry"],"_links":{"self":[{"href":"https:\/\/www.dog-city-bb.de\/index.php?rest_route=\/wp\/v2\/pages\/50","targetHints":{"allow":["GET"]}}],"collection":[{"href":"https:\/\/www.dog-city-bb.de\/index.php?rest_route=\/wp\/v2\/pages"}],"about":[{"href":"https:\/\/www.dog-city-bb.de\/index.php?rest_route=\/wp\/v2\/types\/page"}],"author":[{"embeddable":true,"href":"https:\/\/www.dog-city-bb.de\/index.php?rest_route=\/wp\/v2\/users\/1"}],"replies":[{"embeddable":true,"href":"https:\/\/www.dog-city-bb.de\/index.php?rest_route=%2Fwp%2Fv2%2Fcomments&post=50"}],"version-history":[{"count":6,"href":"https:\/\/www.dog-city-bb.de\/index.php?rest_route=\/wp\/v2\/pages\/50\/revisions"}],"predecessor-version":[{"id":632,"href":"https:\/\/www.dog-city-bb.de\/index.php?rest_route=\/wp\/v2\/pages\/50\/revisions\/632"}],"wp:attachment":[{"href":"https:\/\/www.dog-city-bb.de\/index.php?rest_route=%2Fwp%2Fv2%2Fmedia&parent=50"}],"curies":[{"name":"wp","href":"https:\/\/api.w.org\/{rel}","templated":true}]}}