{"id":67,"date":"2023-08-17T11:57:33","date_gmt":"2023-08-17T10:57:33","guid":{"rendered":"https:\/\/bbdog.area4you.de\/?page_id=67"},"modified":"2026-03-31T20:33:34","modified_gmt":"2026-03-31T19:33:34","slug":"der-verein","status":"publish","type":"page","link":"https:\/\/www.dog-city-bb.de\/?page_id=67","title":{"rendered":"Der Verein"},"content":{"rendered":"<section class=\"dogcity-about-layout\">\n<div class=\"dogcity-about-layout__inner\">\n<div class=\"dogcity-about-layout__text\">\n<div class=\"dogcity-section-head\">\n        <span class=\"dogcity-section-head__line\"><\/span><\/p>\n<h2>Unser Platz<\/h2>\n<\/p><\/div>\n<p>Unsere Vereinsgeschichte<\/p>\n<p>Gegr\u00fcndet wurde unser Verein im Jahr 2002 von acht Hundesportlern. Die Platzanlage war zuvor von Windhundbesitzern genutzt worden, wurde ihnen jedoch durch den Ausbau der B 5 zu klein. So stand der Platz l\u00e4ngere Zeit ungenutzt da. Auf der Seite zur B 5 war kein Zaun mehr vorhanden, da dort die Stra\u00dfe ausgebaut wurde.<\/p>\n<p>Auf der Suche nach einem geeigneten Gel\u00e4nde f\u00fcr den Hundesport stie\u00dfen wir auf dieses Grundst\u00fcck. Der Verp\u00e4chter war uns wohlgesonnen und so erhielten wir einen Pachtvertrag. Nun galt es, den Platz f\u00fcr unseren Hundesport \u00fcberhaupt erst begehbar und nutzbar zu machen. Das Unkraut stand h\u00fcfthoch, und es war eine gro\u00dfe Plackerei, hier wieder Ordnung und Struktur hineinzubringen. Wie so oft standen wir die meiste Zeit allein auf dem Platz und haben zusammen mit unseren S\u00f6hnen das Unkraut beseitigt. Eine gro\u00dfe Hilfe war uns dabei auch der Verp\u00e4chter, der f\u00fcr uns die L\u00f6cher f\u00fcr die Zaunpf\u00e4hle gebohrt hat.<\/p>\n<p>Anfangs war auf dem Hundeplatz noch nicht viel los. Doch mit der Zeit fanden sich immer mehr interessierte Hundesportler ein. Besonders die Welpenspielstunde, der Junghundebereich und das G\u00e4stetraining fanden gro\u00dfen Zuspruch. Heute k\u00f6nnen wir mit Freude sagen, dass viele Welpenbesitzer bereits mit ihrem zweiten oder sogar dritten Welpen unsere Welpenschule besuchen.<\/p>\n<p>In den vielen Jahren seit Bestehen unseres Vereins wurden zahlreiche Begleithund-, IGP- und FH-Pr\u00fcfungen abgelegt und erfolgreich bestanden. Dar\u00fcber hinaus konnten wir viele Ausbilder und Schutzdiensthelfer f\u00f6rdern und unterst\u00fctzen.<\/p>\n<p>Vereinsleben ist immer ein Auf und Ab und beansprucht Zeit, Kraft und Nerven. Umso mehr w\u00fcnschen wir uns in unserem Verein ein gutes, kameradschaftliches und sportliches Miteinander.\n    <\/p><\/div>\n<div class=\"dogcity-about-layout__gallery\">\n<div class=\"dogcity-about-layout__main\">\n        <img decoding=\"async\" src=\"https:\/\/www.dog-city-bb.de\/wp-content\/uploads\/2026\/03\/platz1.jpg\" alt=\"Gro\u00dfe Rasenfl\u00e4che des Hundeplatzes\">\n      <\/div>\n<div class=\"dogcity-about-layout__side\">\n<div class=\"dogcity-about-layout__thumb\">\n          <img decoding=\"async\" src=\"https:\/\/www.dog-city-bb.de\/wp-content\/uploads\/2026\/03\/platz2.jpg\" alt=\"Vereinsbereich und Trainingsgel\u00e4nde\">\n        <\/div>\n<div class=\"dogcity-about-layout__thumb\">\n          <img decoding=\"async\" src=\"https:\/\/www.dog-city-bb.de\/wp-content\/uploads\/2026\/03\/platz3.jpg\" alt=\"Beleuchteter Hundeplatz am Abend\">\n        <\/div>\n<\/p><\/div>\n<\/p><\/div>\n<\/p><\/div>\n<\/section>\n","protected":false},"excerpt":{"rendered":"<p>Unser Platz Unsere Vereinsgeschichte Gegr\u00fcndet wurde unser Verein im Jahr 2002 von acht Hundesportlern. Die Platzanlage war zuvor von Windhundbesitzern genutzt worden, wurde ihnen jedoch durch den Ausbau der B 5 zu klein. So stand der Platz l\u00e4ngere Zeit ungenutzt da. Auf der Seite zur B 5 war kein Zaun mehr vorhanden, da dort die [&hellip;]<\/p>\n","protected":false},"author":1,"featured_media":0,"parent":0,"menu_order":2,"comment_status":"closed","ping_status":"closed","template":"template-fullwidth.php","meta":{"footnotes":""},"class_list":["post-67","page","type-page","status-publish","hentry"],"_links":{"self":[{"href":"https:\/\/www.dog-city-bb.de\/index.php?rest_route=\/wp\/v2\/pages\/67","targetHints":{"allow":["GET"]}}],"collection":[{"href":"https:\/\/www.dog-city-bb.de\/index.php?rest_route=\/wp\/v2\/pages"}],"about":[{"href":"https:\/\/www.dog-city-bb.de\/index.php?rest_route=\/wp\/v2\/types\/page"}],"author":[{"embeddable":true,"href":"https:\/\/www.dog-city-bb.de\/index.php?rest_route=\/wp\/v2\/users\/1"}],"replies":[{"embeddable":true,"href":"https:\/\/www.dog-city-bb.de\/index.php?rest_route=%2Fwp%2Fv2%2Fcomments&post=67"}],"version-history":[{"count":20,"href":"https:\/\/www.dog-city-bb.de\/index.php?rest_route=\/wp\/v2\/pages\/67\/revisions"}],"predecessor-version":[{"id":575,"href":"https:\/\/www.dog-city-bb.de\/index.php?rest_route=\/wp\/v2\/pages\/67\/revisions\/575"}],"wp:attachment":[{"href":"https:\/\/www.dog-city-bb.de\/index.php?rest_route=%2Fwp%2Fv2%2Fmedia&parent=67"}],"curies":[{"name":"wp","href":"https:\/\/api.w.org\/{rel}","templated":true}]}}