{"id":72,"date":"2023-08-17T13:24:09","date_gmt":"2023-08-17T12:24:09","guid":{"rendered":"https:\/\/bbdog.area4you.de\/?page_id=72"},"modified":"2026-03-31T21:17:31","modified_gmt":"2026-03-31T20:17:31","slug":"begleithunde","status":"publish","type":"page","link":"https:\/\/www.dog-city-bb.de\/?page_id=72","title":{"rendered":"Begleithunde"},"content":{"rendered":"<section class=\"dogcity-bh\">\n<div class=\"dogcity-bh__inner\">\n<div class=\"dogcity-bh__hero\">\n<div class=\"dogcity-bh__hero-text\">\n<div class=\"dogcity-section-head\">\n          <span class=\"dogcity-section-head__line\"><\/span><\/p>\n<h2>Begleithundepr\u00fcfung<\/h2>\n<\/p><\/div>\n<p>\n          In der Begleithundepr\u00fcfung wird der Hund auf seine Alltagstauglichkeit und sein sicheres Verhalten in ganz unterschiedlichen Situationen \u00fcberpr\u00fcft. Im Mittelpunkt stehen dabei Verkehrssicherheit, Sozialvertr\u00e4glichkeit, Unbefangenheit sowie ein zuverl\u00e4ssiger Gehorsam im t\u00e4glichen Miteinander. Ziel ist es, den Hund als ausgeglichenen, gut gef\u00fchrten und alltagssicheren Begleiter zu zeigen.\n        <\/p>\n<div class=\"dogcity-bh__facts\">\n<div class=\"dogcity-bh__fact\">\n<h3>Verkehrssicherheit<\/h3>\n<p>\n              Der Hund soll sich auch in einer belebten Umgebung sicher, ruhig und kontrollierbar zeigen. Begegnungen mit Fahrzeugen, Ger\u00e4uschen und wechselnden Alltagssituationen sollen souver\u00e4n und gelassen gemeistert werden.\n            <\/p>\n<\/p><\/div>\n<div class=\"dogcity-bh__fact\">\n<h3>Sozialvertr\u00e4glichkeit<\/h3>\n<p>\n              Ein wichtiger Bestandteil der Pr\u00fcfung ist das ausgeglichene Verhalten gegen\u00fcber Menschen, anderen Hunden und unterschiedlichen Alltagssituationen. Der Hund soll zeigen, dass er sich kontrolliert, freundlich und unauff\u00e4llig in sein Umfeld einf\u00fcgt.\n            <\/p>\n<\/p><\/div>\n<div class=\"dogcity-bh__fact\">\n<h3>Unbefangenheit<\/h3>\n<p>\n              Gepr\u00fcft wird, ob der Hund Umweltreizen ruhig, sicher und ohne \u00fcberm\u00e4\u00dfige Unsicherheit begegnet. Er soll sich weder \u00e4ngstlich noch aggressiv zeigen, sondern mit einer nat\u00fcrlichen Gelassenheit auf neue Eindr\u00fccke reagieren.\n            <\/p>\n<\/p><\/div>\n<div class=\"dogcity-bh__fact\">\n<h3>Gehorsam<\/h3>\n<p>\n              Ein verl\u00e4sslicher Gehorsam bildet die Grundlage f\u00fcr die gesamte Pr\u00fcfung. Dabei zeigt sich, wie aufmerksam, f\u00fchrig und vertrauensvoll der Hund mit seinem Hundef\u00fchrer zusammenarbeitet und dessen Signale sicher umsetzt.\n            <\/p>\n<\/p><\/div>\n<\/p><\/div>\n<\/p><\/div>\n<div class=\"dogcity-bh__hero-images\">\n<div class=\"dogcity-bh__hero-image\">\n          <img decoding=\"async\" src=\"https:\/\/www.dog-city-bb.de\/wp-content\/uploads\/2026\/03\/5.jpg\" alt=\"Begleithundepr\u00fcfung Training 1\">\n        <\/div>\n<div class=\"dogcity-bh__hero-image\">\n          <img decoding=\"async\" src=\"https:\/\/www.dog-city-bb.de\/wp-content\/uploads\/2026\/03\/T-M-klein.jpg\" alt=\"Begleithundepr\u00fcfung Training 2\">\n        <\/div>\n<\/p><\/div>\n<\/p><\/div>\n<div class=\"dogcity-bh__content-card\">\n<p>\n        Im ersten Teil der Pr\u00fcfung zeigt der Hund auf einem eingefriedeten Gel\u00e4nde, dass er sich sicher und kontrolliert von seinem Hundef\u00fchrer durch verschiedene \u00dcbungen und Situationen f\u00fchren l\u00e4sst. Hierbei werden Aufmerksamkeit, F\u00fchrigkeit und die harmonische Zusammenarbeit zwischen Mensch und Hund besonders deutlich.\n      <\/p>\n<p>\n        Im zweiten Teil wird das Verhalten des Hundes im \u00f6ffentlichen Raum und im Stra\u00dfenverkehr \u00fcberpr\u00fcft. Dabei soll er zeigen, dass er auch au\u00dferhalb des Hundeplatzes ruhig, gelassen und alltagssicher auf unterschiedliche Reize reagiert.\n      <\/p>\n<p>\n        Die erfolgreich nachgewiesene Alltagstauglichkeit ist eine wesentliche Grundlage f\u00fcr ein harmonisches Miteinander von Mensch und Hund und zugleich eine wichtige Voraussetzung f\u00fcr die weitere Arbeit im Hundesport.\n      <\/p>\n<div class=\"dogcity-bh__gallery\">\n<div class=\"dogcity-bh__gallery-item\">\n          <img decoding=\"async\" src=\"https:\/\/www.dog-city-bb.de\/wp-content\/uploads\/2026\/03\/P-M.jpg\" alt=\"Hund bei der Begleithundepr\u00fcfung auf dem Platz\">\n        <\/div>\n<div class=\"dogcity-bh__gallery-item\">\n          <img decoding=\"async\" src=\"https:\/\/www.dog-city-bb.de\/wp-content\/uploads\/2026\/03\/F-L-klein.jpg\" alt=\"Begleithundepr\u00fcfung mit Alltagssituation\">\n        <\/div>\n<\/p><\/div>\n<\/p><\/div>\n<div class=\"dogcity-bh__requirements\">\n<div class=\"dogcity-section-head\">\n        <span class=\"dogcity-section-head__line\"><\/span><\/p>\n<h2>Voraussetzungen<\/h2>\n<\/p><\/div>\n<p>\n        Vor Beginn der Pr\u00fcfung muss der Hundef\u00fchrer in einem Sachkundetest nachweisen, dass er \u00fcber das notwendige Grundwissen in der Hundehaltung, im Umgang mit dem Hund und in den grundlegenden rechtlichen und praktischen Anforderungen verf\u00fcgt.\n      <\/p>\n<p>\n        Das Mindestalter des Hundes betr\u00e4gt 15 Monate. Zur eindeutigen Identifikation des Tieres ist ein Chip oder eine T\u00e4towierung erforderlich. Im VDH gilt f\u00fcr die Begleithundepr\u00fcfung seit 2012 die Internationale Pr\u00fcfungsordnung der FCI (F\u00e9d\u00e9ration Cynologique Internationale), die eine einheitliche und verbindliche Grundlage f\u00fcr die Durchf\u00fchrung der Pr\u00fcfung bildet.\n      <\/p>\n<div class=\"dogcity-bh__requirements-image\">\n        <img decoding=\"async\" src=\"https:\/\/www.dog-city-bb.de\/wp-content\/uploads\/2026\/03\/Vorraussetzung.jpg\" alt=\"Begleithundepr\u00fcfung Voraussetzungen\">\n      <\/div>\n<\/p><\/div>\n<\/p><\/div>\n<\/section>\n","protected":false},"excerpt":{"rendered":"<p>Begleithundepr\u00fcfung In der Begleithundepr\u00fcfung wird der Hund auf seine Alltagstauglichkeit und sein sicheres Verhalten in ganz unterschiedlichen Situationen \u00fcberpr\u00fcft. Im Mittelpunkt stehen dabei Verkehrssicherheit, Sozialvertr\u00e4glichkeit, Unbefangenheit sowie ein zuverl\u00e4ssiger Gehorsam im t\u00e4glichen Miteinander. Ziel ist es, den Hund als ausgeglichenen, gut gef\u00fchrten und alltagssicheren Begleiter zu zeigen. Verkehrssicherheit Der Hund soll sich auch in einer [&hellip;]<\/p>\n","protected":false},"author":1,"featured_media":0,"parent":298,"menu_order":1,"comment_status":"closed","ping_status":"closed","template":"template-fullwidth.php","meta":{"footnotes":""},"class_list":["post-72","page","type-page","status-publish","hentry"],"_links":{"self":[{"href":"https:\/\/www.dog-city-bb.de\/index.php?rest_route=\/wp\/v2\/pages\/72","targetHints":{"allow":["GET"]}}],"collection":[{"href":"https:\/\/www.dog-city-bb.de\/index.php?rest_route=\/wp\/v2\/pages"}],"about":[{"href":"https:\/\/www.dog-city-bb.de\/index.php?rest_route=\/wp\/v2\/types\/page"}],"author":[{"embeddable":true,"href":"https:\/\/www.dog-city-bb.de\/index.php?rest_route=\/wp\/v2\/users\/1"}],"replies":[{"embeddable":true,"href":"https:\/\/www.dog-city-bb.de\/index.php?rest_route=%2Fwp%2Fv2%2Fcomments&post=72"}],"version-history":[{"count":12,"href":"https:\/\/www.dog-city-bb.de\/index.php?rest_route=\/wp\/v2\/pages\/72\/revisions"}],"predecessor-version":[{"id":598,"href":"https:\/\/www.dog-city-bb.de\/index.php?rest_route=\/wp\/v2\/pages\/72\/revisions\/598"}],"up":[{"embeddable":true,"href":"https:\/\/www.dog-city-bb.de\/index.php?rest_route=\/wp\/v2\/pages\/298"}],"wp:attachment":[{"href":"https:\/\/www.dog-city-bb.de\/index.php?rest_route=%2Fwp%2Fv2%2Fmedia&parent=72"}],"curies":[{"name":"wp","href":"https:\/\/api.w.org\/{rel}","templated":true}]}}